{"id":407,"date":"2025-06-05T14:11:34","date_gmt":"2025-06-05T17:11:34","guid":{"rendered":"https:\/\/paraguaydeutsche.de\/?page_id=407"},"modified":"2025-09-26T21:55:14","modified_gmt":"2025-09-27T00:55:14","slug":"buchung-zahlungsdaten-teilnahme-generalversammlung-2025-eur","status":"publish","type":"page","link":"https:\/\/paraguaydeutsche.de\/es\/buchung-zahlungsdaten-teilnahme-generalversammlung-2025-eur\/","title":{"rendered":"Buchung Zahlungsdaten &#8211; Teilnahme Generalversammlung 2025 EUR"},"content":{"rendered":"<p>[et_pb_section fb_built=&#8220;1&#8243; _builder_version=&#8220;4.27.2&#8243; _module_preset=&#8220;default&#8220; global_colors_info=&#8220;{}&#8220;][et_pb_row _builder_version=&#8220;4.27.2&#8243; _module_preset=&#8220;default&#8220; global_colors_info=&#8220;{}&#8220;][et_pb_column type=&#8220;4_4&#8243; _builder_version=&#8220;4.27.2&#8243; _module_preset=&#8220;default&#8220; global_colors_info=&#8220;{}&#8220;][et_pb_text _builder_version=&#8220;4.27.2&#8243; _module_preset=&#8220;default&#8220; global_colors_info=&#8220;{}&#8220;]<\/p>\n<h1>Deine Buchung wurde vorgemerkt<\/h1>\n<p>[\/et_pb_text][et_pb_text _builder_version=&#8220;4.27.4&#8243; _module_preset=&#8220;default&#8220; text_font_size=&#8220;18px&#8220; global_colors_info=&#8220;{}&#8220;]<\/p>\n<p>Bitte \u00fcberweise den Betrag an eine der folgenden Bankverbindungen:<\/p>\n<p><strong>F\u00fcr \u00dcberweisungen in Euro:<\/strong><\/p>\n<p>Name: Topp Consult LLC<br \/>Bank: TransferWise Europe SA<br \/>IBAN: BE13 9671 8883 7239<br \/>BIC: TRWIBEB1XXX<\/p>\n<p>Betrag: Anzahl der gebuchten Tickets multipliziert mit \u20ac 99 (f\u00fcr G\u00e4ste), 56 \u20ac je Schnupperticket\u00a0 inkl. 6 Monate Mitgliedschaft bzw. \u20ac 20 f\u00fcr Mitglieder.<\/p>\n<p>&nbsp;<\/p>\n<p>Nach Zahlungseingang kommst Du inklusive der entsprechenden Ticketzahl auf die G\u00e4steliste.<\/p>\n<p><strong>Teile uns bitte die Namen der weiteren G\u00e4ste im Vorfeld mit.<\/strong><\/p>\n<p>&nbsp;<\/p>\n<p><a href=\"https:\/\/t.me\/Velista65\" target=\"_blank\" rel=\"noopener\">Kontakt Community-Management (Telegram)<\/a><\/p>\n<p>[\/et_pb_text][\/et_pb_column][\/et_pb_row][\/et_pb_section]<\/p>\n","protected":false},"excerpt":{"rendered":"<p>Deine Buchung wurde vorgemerktBitte \u00fcberweise den Betrag an eine der folgenden Bankverbindungen: F\u00fcr \u00dcberweisungen in Euro: Name: Topp Consult LLCBank: TransferWise Europe SAIBAN: BE13 9671 8883 7239BIC: TRWIBEB1XXX Betrag: Anzahl der gebuchten Tickets multipliziert mit \u20ac 99 (f\u00fcr G\u00e4ste), 56 \u20ac je Schnupperticket\u00a0 inkl. 6 Monate Mitgliedschaft bzw. \u20ac 20 f\u00fcr Mitglieder. &nbsp; Nach Zahlungseingang [&hellip;]<\/p>\n","protected":false},"author":1,"featured_media":0,"parent":0,"menu_order":0,"comment_status":"closed","ping_status":"closed","template":"","meta":{"_et_pb_use_builder":"on","_et_pb_old_content":"","_et_gb_content_width":"","footnotes":""},"class_list":["post-407","page","type-page","status-publish","hentry"],"yoast_head":"<!-- This site is optimized with the Yoast SEO plugin v27.5 - https:\/\/yoast.com\/product\/yoast-seo-wordpress\/ -->\n<title>Buchung Zahlungsdaten - Teilnahme Generalversammlung 2025 EUR - Gemeinschaft der Deutschsprachigen in Paraguay<\/title>\n<meta name=\"robots\" content=\"index, follow, max-snippet:-1, max-image-preview:large, max-video-preview:-1\" \/>\n<link rel=\"canonical\" href=\"https:\/\/paraguaydeutsche.de\/es\/buchung-zahlungsdaten-teilnahme-generalversammlung-2025-eur\/\" \/>\n<meta property=\"og:locale\" content=\"es_ES\" \/>\n<meta property=\"og:type\" content=\"article\" \/>\n<meta property=\"og:title\" content=\"Buchung Zahlungsdaten - Teilnahme Generalversammlung 2025 EUR - Gemeinschaft der Deutschsprachigen in Paraguay\" \/>\n<meta property=\"og:description\" content=\"Deine Buchung wurde vorgemerktBitte \u00fcberweise den Betrag an eine der folgenden Bankverbindungen: F\u00fcr \u00dcberweisungen in Euro: Name: Topp Consult LLCBank: TransferWise Europe SAIBAN: BE13 9671 8883 7239BIC: TRWIBEB1XXX Betrag: Anzahl der gebuchten Tickets multipliziert mit \u20ac 99 (f\u00fcr G\u00e4ste), 56 \u20ac je Schnupperticket\u00a0 inkl. 6 Monate Mitgliedschaft bzw. \u20ac 20 f\u00fcr Mitglieder. &nbsp; Nach Zahlungseingang [&hellip;]\" \/>\n<meta property=\"og:url\" content=\"https:\/\/paraguaydeutsche.de\/es\/buchung-zahlungsdaten-teilnahme-generalversammlung-2025-eur\/\" \/>\n<meta property=\"og:site_name\" content=\"Gemeinschaft der Deutschsprachigen in Paraguay\" \/>\n<meta property=\"article:modified_time\" content=\"2025-09-27T00:55:14+00:00\" \/>\n<meta name=\"twitter:card\" content=\"summary_large_image\" \/>\n<meta name=\"twitter:label1\" content=\"Tiempo de lectura\" \/>\n\t<meta name=\"twitter:data1\" content=\"1 minuto\" \/>\n<script type=\"application\/ld+json\" class=\"yoast-schema-graph\">{\"@context\":\"https:\\\/\\\/schema.org\",\"@graph\":[{\"@type\":\"WebPage\",\"@id\":\"https:\\\/\\\/paraguaydeutsche.de\\\/buchung-zahlungsdaten-teilnahme-generalversammlung-2025-eur\\\/\",\"url\":\"https:\\\/\\\/paraguaydeutsche.de\\\/buchung-zahlungsdaten-teilnahme-generalversammlung-2025-eur\\\/\",\"name\":\"Buchung Zahlungsdaten - Teilnahme Generalversammlung 2025 EUR - Gemeinschaft der Deutschsprachigen in Paraguay\",\"isPartOf\":{\"@id\":\"https:\\\/\\\/paraguaydeutsche.de\\\/#website\"},\"datePublished\":\"2025-06-05T17:11:34+00:00\",\"dateModified\":\"2025-09-27T00:55:14+00:00\",\"breadcrumb\":{\"@id\":\"https:\\\/\\\/paraguaydeutsche.de\\\/buchung-zahlungsdaten-teilnahme-generalversammlung-2025-eur\\\/#breadcrumb\"},\"inLanguage\":\"es\",\"potentialAction\":[{\"@type\":\"ReadAction\",\"target\":[\"https:\\\/\\\/paraguaydeutsche.de\\\/buchung-zahlungsdaten-teilnahme-generalversammlung-2025-eur\\\/\"]}]},{\"@type\":\"BreadcrumbList\",\"@id\":\"https:\\\/\\\/paraguaydeutsche.de\\\/buchung-zahlungsdaten-teilnahme-generalversammlung-2025-eur\\\/#breadcrumb\",\"itemListElement\":[{\"@type\":\"ListItem\",\"position\":1,\"name\":\"Startseite\",\"item\":\"https:\\\/\\\/paraguaydeutsche.de\\\/\"},{\"@type\":\"ListItem\",\"position\":2,\"name\":\"Buchung Zahlungsdaten &#8211; Teilnahme Generalversammlung 2025 EUR\"}]},{\"@type\":\"WebSite\",\"@id\":\"https:\\\/\\\/paraguaydeutsche.de\\\/#website\",\"url\":\"https:\\\/\\\/paraguaydeutsche.de\\\/\",\"name\":\"Gemeinschaft der Deutschsprachigen in Paraguay\",\"description\":\"Bewahrung deutscher Kultur, Netzwerken und gemeinsame Aktivit\u00e4ten\",\"potentialAction\":[{\"@type\":\"SearchAction\",\"target\":{\"@type\":\"EntryPoint\",\"urlTemplate\":\"https:\\\/\\\/paraguaydeutsche.de\\\/?s={search_term_string}\"},\"query-input\":{\"@type\":\"PropertyValueSpecification\",\"valueRequired\":true,\"valueName\":\"search_term_string\"}}],\"inLanguage\":\"es\"}]}<\/script>\n<!-- \/ Yoast SEO plugin. -->","yoast_head_json":{"title":"Buchung Zahlungsdaten - Teilnahme Generalversammlung 2025 EUR - Gemeinschaft der Deutschsprachigen in Paraguay","robots":{"index":"index","follow":"follow","max-snippet":"max-snippet:-1","max-image-preview":"max-image-preview:large","max-video-preview":"max-video-preview:-1"},"canonical":"https:\/\/paraguaydeutsche.de\/es\/buchung-zahlungsdaten-teilnahme-generalversammlung-2025-eur\/","og_locale":"es_ES","og_type":"article","og_title":"Buchung Zahlungsdaten - Teilnahme Generalversammlung 2025 EUR - Gemeinschaft der Deutschsprachigen in Paraguay","og_description":"Deine Buchung wurde vorgemerktBitte \u00fcberweise den Betrag an eine der folgenden Bankverbindungen: F\u00fcr \u00dcberweisungen in Euro: Name: Topp Consult LLCBank: TransferWise Europe SAIBAN: BE13 9671 8883 7239BIC: TRWIBEB1XXX Betrag: Anzahl der gebuchten Tickets multipliziert mit \u20ac 99 (f\u00fcr G\u00e4ste), 56 \u20ac je Schnupperticket\u00a0 inkl. 6 Monate Mitgliedschaft bzw. \u20ac 20 f\u00fcr Mitglieder. &nbsp; Nach Zahlungseingang [&hellip;]","og_url":"https:\/\/paraguaydeutsche.de\/es\/buchung-zahlungsdaten-teilnahme-generalversammlung-2025-eur\/","og_site_name":"Gemeinschaft der Deutschsprachigen in Paraguay","article_modified_time":"2025-09-27T00:55:14+00:00","twitter_card":"summary_large_image","twitter_misc":{"Tiempo de lectura":"1 minuto"},"schema":{"@context":"https:\/\/schema.org","@graph":[{"@type":"WebPage","@id":"https:\/\/paraguaydeutsche.de\/buchung-zahlungsdaten-teilnahme-generalversammlung-2025-eur\/","url":"https:\/\/paraguaydeutsche.de\/buchung-zahlungsdaten-teilnahme-generalversammlung-2025-eur\/","name":"Buchung Zahlungsdaten - Teilnahme Generalversammlung 2025 EUR - Gemeinschaft der Deutschsprachigen in Paraguay","isPartOf":{"@id":"https:\/\/paraguaydeutsche.de\/#website"},"datePublished":"2025-06-05T17:11:34+00:00","dateModified":"2025-09-27T00:55:14+00:00","breadcrumb":{"@id":"https:\/\/paraguaydeutsche.de\/buchung-zahlungsdaten-teilnahme-generalversammlung-2025-eur\/#breadcrumb"},"inLanguage":"es","potentialAction":[{"@type":"ReadAction","target":["https:\/\/paraguaydeutsche.de\/buchung-zahlungsdaten-teilnahme-generalversammlung-2025-eur\/"]}]},{"@type":"BreadcrumbList","@id":"https:\/\/paraguaydeutsche.de\/buchung-zahlungsdaten-teilnahme-generalversammlung-2025-eur\/#breadcrumb","itemListElement":[{"@type":"ListItem","position":1,"name":"Startseite","item":"https:\/\/paraguaydeutsche.de\/"},{"@type":"ListItem","position":2,"name":"Buchung Zahlungsdaten &#8211; Teilnahme Generalversammlung 2025 EUR"}]},{"@type":"WebSite","@id":"https:\/\/paraguaydeutsche.de\/#website","url":"https:\/\/paraguaydeutsche.de\/","name":"Gemeinschaft der Deutschsprachigen in Paraguay","description":"Bewahrung deutscher Kultur, Netzwerken und gemeinsame Aktivit\u00e4ten","potentialAction":[{"@type":"SearchAction","target":{"@type":"EntryPoint","urlTemplate":"https:\/\/paraguaydeutsche.de\/?s={search_term_string}"},"query-input":{"@type":"PropertyValueSpecification","valueRequired":true,"valueName":"search_term_string"}}],"inLanguage":"es"}]}},"_links":{"self":[{"href":"https:\/\/paraguaydeutsche.de\/es\/wp-json\/wp\/v2\/pages\/407","targetHints":{"allow":["GET"]}}],"collection":[{"href":"https:\/\/paraguaydeutsche.de\/es\/wp-json\/wp\/v2\/pages"}],"about":[{"href":"https:\/\/paraguaydeutsche.de\/es\/wp-json\/wp\/v2\/types\/page"}],"author":[{"embeddable":true,"href":"https:\/\/paraguaydeutsche.de\/es\/wp-json\/wp\/v2\/users\/1"}],"replies":[{"embeddable":true,"href":"https:\/\/paraguaydeutsche.de\/es\/wp-json\/wp\/v2\/comments?post=407"}],"version-history":[{"count":6,"href":"https:\/\/paraguaydeutsche.de\/es\/wp-json\/wp\/v2\/pages\/407\/revisions"}],"predecessor-version":[{"id":662,"href":"https:\/\/paraguaydeutsche.de\/es\/wp-json\/wp\/v2\/pages\/407\/revisions\/662"}],"wp:attachment":[{"href":"https:\/\/paraguaydeutsche.de\/es\/wp-json\/wp\/v2\/media?parent=407"}],"curies":[{"name":"wp","href":"https:\/\/api.w.org\/{rel}","templated":true}]}}